{"id":144,"date":"2023-06-07T09:50:54","date_gmt":"2023-06-07T09:50:54","guid":{"rendered":"https:\/\/institut-tanz-in-schulen.de\/?page_id=144"},"modified":"2024-05-11T19:15:03","modified_gmt":"2024-05-11T19:15:03","slug":"akademie-2","status":"publish","type":"page","link":"https:\/\/institut-tanz-in-schulen.de\/","title":{"rendered":"Home-INTIS"},"content":{"rendered":"<p><span style=\"\"><img decoding=\"async\" alt=\"\" data-id=\"254\" data-init-width=\"2000\" data-init-height=\"812\" title=\"Buch und Airfreeze Figuren ohne Schrift\" loading=\"lazy\" src=\"https:\/\/institut-tanz-in-schulen.de\/wp-content\/uploads\/2023\/06\/Buch-und-Airfreeze-Figuren-ohne-Schrift.png\" data-width=\"168\" style=\"\" ml-d=\"-1.5999999999999943\" mt-d=\"0\" data-height=\"68\" mt-t=\"-0.9166999999999987\" ml-t=\"-0.7834000000000003\" width=\"168\" height=\"68\"><\/span><\/p>\n<p style=\"text-align: center;\"><span><strong>Institut f\u00fcr Tanz in Schulen<\/strong><\/span><\/p>\n<h1 style=\"\"><span>Tanz geh\u00f6rt in die Schule.<\/span><span><span><strong><span><\/span><\/strong><\/span><\/span><\/h1>\n<h1 style=\"\"><span><\/span><span><span><strong><span>F\u00fcr mehr Kreativit\u00e4t, Motivation &amp; Bewegungsfreude.<\/span><\/strong><\/span><\/span><\/h1>\n<h2 style=\"\">Eine Revolution ist im Gange<\/h2>\n<p>Tanz ist Bewegung, Ausdruck, Sport und Kunst und gleichzeitig noch so viel mehr. Soziale Interaktion, Kommunikation, Motivation, Kreativit\u00e4t und vorallem Lebensfreude &#8211; und genau deshalb geh\u00f6rt Tanz unbedingt in die Schule. Nicht nur am Rand als GTA oder Nachmittagsangebot, sondern mittendrin als fester Unterrichtsbestandteil. Diese Uberzeugung treibt uns an.Deshalb ist es unsere Vision, Tanz als Unterrichtsfach bundesweit und fl\u00e4chendeckend zu etablieren.<\/p>\n<p style=\"\"><span style=\"\"><span style=\"\"><strong>Nehmen Sie Kontakt mit uns auf!<\/strong><\/span><span style=\"\"><span style=\"\"><strong><\/strong><\/span><\/span><\/span><\/p>\n<h3 style=\"text-align: center;\"><span style=\"font-family: &quot;Fredericka the Great&quot;; font-weight: 400;\">Tanz geh\u00f6rt in die Schule, weil es &#8230;<\/span><\/h3>\n<ul>\n<li style=\"\"><span style=\"\"><strong>&#8230; die Muttersprache des K\u00f6rpers ist,<\/strong><\/span><\/li>\n<li style=\"\"><span style=\"\"><strong><strong>&#8230; gesund h\u00e4lt,<\/strong><\/strong><\/span><\/li>\n<li style=\"\"><span style=\"\"><strong><strong>&#8230; intelligenter macht,<\/strong><\/strong><strong><strong><\/strong><\/strong><\/span><\/li>\n<li style=\"\"><span style=\"\"><strong>&#8230; Menschen verbindet.<\/strong><strong><\/strong><\/span><\/li>\n<\/ul>\n<ul>\n<li style=\"\"><span>&#8230; <strong>kreativer macht,<\/strong><\/span><\/li>\n<li style=\"\"><span><strong><strong>&#8230; Empathie st\u00e4rkt,<\/strong><\/strong><\/span><\/li>\n<li style=\"\"><span><strong>\u2026 gl\u00fccklich macht,<\/strong><strong><\/strong><\/span><\/li>\n<\/ul>\n<h3 style=\"text-align: left;\"><span style=\"font-family: &quot;Fredericka the Great&quot;; font-weight: 400;\">Tanz verbindet &#8230;<\/span><\/h3>\n<p style=\"\">&nbsp;<\/p>\n<p style=\"\">&#8230; die positiven Effekte von Musik, Bewegung und die Ausdrucksm\u00f6glichkeit durch K\u00f6rpersprache. Er wird in hohem Ma\u00dfe dem Bewegungs- und Spielbed\u00fcrfnis von Kindern und Jugendlichen gerecht, das im Schulsystem aktuell h\u00e4ufig keine Beachtung findet.<\/p>\n<p style=\"\">\n<p><span style=\"width: 100%;\"><img decoding=\"async\" alt=\"\" title=\"Mauer-1-scaled\" data-id=\"19\" src=\"https:\/\/institut-tanz-in-schulen.de\/wp-content\/uploads\/2021\/06\/Mauer-1-scaled-1.jpg\" style=\"\" data-width=\"1004\" data-init-width=\"2560\" data-init-height=\"1071\" loading=\"lazy\" ml-d=\"0\" mt-d=\"0\" width=\"1004\" height=\"1071\"><span data-tcb_hover_state_parent=\"\"><\/span><\/span><\/p>\n<p style=\"text-align: center;\">&#8222;Sommer &#8217;89&#8220;<span style=\"font-weight: normal;\">, Urauff\u00fchrung bei Schule tanzt 2019<\/span><\/p>\n<h3 style=\"text-align: center;\"><span>Der Urbane Tanz &#8230;<\/span><\/h3>\n<p style=\"text-align: center;\">&#8230; f\u00f6rdert<strong>&nbsp;<\/strong>aufgrund seiner Entstehungsgeschichte und der zugrundeliegenden Kultur die positiven Aspekte besonders stark. Dies \u00e4u\u00dfert sich vor allem in den Kompetenzfeldern:<\/p>\n<p style=\"text-align: center;\"><strong>Kooperation, Kreativit\u00e4t, K\u00f6rperbeherrschung und Selbstvertrauen.<\/strong><\/p>\n<p><span style=\"width: 100%;\"><img decoding=\"async\" alt=\"\" title=\"Kompetenzen\" data-id=\"39\" src=\"https:\/\/institut-tanz-in-schulen.de\/wp-content\/uploads\/2021\/06\/Kompetenzen.jpg\" style=\"\" data-width=\"846\" data-init-width=\"1200\" data-init-height=\"650\" loading=\"lazy\" mt-d=\"0\" ml-d=\"0\" width=\"846\" height=\"650\"><span data-tcb_hover_state_parent=\"\"><\/span><\/span><\/p>\n<p style=\"\"><span style=\"\"><span style=\"\"><strong>Nehmen Sie Kontakt mit uns auf!<\/strong><\/span><span style=\"\"><span style=\"\"><strong><\/strong><\/span><\/span><\/span><\/p>\n<h3 style=\"text-align: center;\"><span>Das Team<\/span><\/h3>\n<p><span style=\"width: 100%;\"><img decoding=\"async\" alt=\"\" title=\"_DSC5812\" data-id=\"93\" src=\"https:\/\/institut-tanz-in-schulen.de\/wp-content\/uploads\/2022\/10\/DSC5812-e1715454256528.jpg\" style=\"\" data-width=\"173\" data-init-width=\"650\" data-init-height=\"650\" loading=\"lazy\" ml-d=\"0\" mt-d=\"0\" width=\"173\" height=\"650\"><span data-tcb_hover_state_parent=\"\"><\/span><\/span><\/p>\n<p style=\"text-align: left;\">Matthias Buckl<\/p>\n<p style=\"text-align: left;\">\/\/ Gr\u00fcnder und Vorstand<\/p>\n<p style=\"text-align: left;\">Unser Experte f\u00fcr Didaktik und Methodik von Tanz in der Schule, Urbane Tanzstile und Tanzprojekte mit Kindern und Jugendlichen<\/p>\n<p><span style=\"width: 100%;\"><img decoding=\"async\" alt=\"\" title=\"DSCF4992__crop_kl\" data-id=\"96\" src=\"https:\/\/institut-tanz-in-schulen.de\/wp-content\/uploads\/2022\/10\/DSCF4992__crop_kl-e1715454149479.jpg\" style=\"\" data-width=\"173\" data-init-width=\"1020\" data-init-height=\"1020\" loading=\"lazy\" ml-d=\"0\" mt-d=\"0\" width=\"173\" height=\"1020\"><span><\/span><\/span><\/p>\n<p style=\"\">Eric Steinbacher<\/p>\n<p style=\"\">\/\/ Gr\u00fcndungsmitglied, Vorstand<\/p>\n<p style=\"text-align: left;\">Unser Experte f\u00fcr Videoproduktion, Urbanem Tanz, Erlebnisp\u00e4dagogik und Tanzprojekten mit Kindern und Jugendlichen.<\/p>\n<p><span style=\"width: 100%;\"><img decoding=\"async\" alt=\"\" title=\"Foto Katrin kl\" data-id=\"280\" src=\"https:\/\/institut-tanz-in-schulen.de\/wp-content\/uploads\/2024\/05\/Foto-Katrin-kl-scaled.jpg\" style=\"filter: grayscale(0%) blur(0px) brightness(100%) sepia(0%) invert(0%) saturate(100%) contrast(100%) hue-rotate(0deg);\" data-width=\"173\" data-init-width=\"2560\" data-init-height=\"2560\" loading=\"lazy\" ml-d=\"0\" mt-d=\"0\" width=\"173\" height=\"2560\"><span data-tcb_hover_state_parent=\"\"><\/span><\/span><\/p>\n<p style=\"\">Katrin Fender<\/p>\n<p style=\"\">\/\/ Gr\u00fcndungsmitglied, Vorstand<\/p>\n<p style=\"text-align: left;\">Unsere Expertin f\u00fcr Event- und Projektmanagerin, Finanzen und Organisation<\/p>\n<p><span style=\"width: 100%;\"><img decoding=\"async\" alt=\"\" title=\"7\" data-id=\"21\" src=\"https:\/\/institut-tanz-in-schulen.de\/wp-content\/uploads\/2021\/06\/7-scaled.jpg\" style=\"\" data-width=\"241\" data-init-width=\"2560\" data-init-height=\"1707\" loading=\"lazy\" ml-d=\"-3.25\" mt-d=\"0\" width=\"241\" height=\"161\" data-height=\"161\"><span data-tcb_hover_state_parent=\"\"><\/span><\/span><\/p>\n<p style=\"\">Holger &#8222;Killian&#8220; K\u00f6hler<\/p>\n<p style=\"\">\/\/ Gr\u00fcndungsmitglied ,Vorstand<\/p>\n<p style=\"text-align: left;\">Unser Experte f\u00fcr Breaking und Urbanem Tanz, Choreografie, sowie Tanzprojekten mit Kindern, Jugendlichen und Erwachsenen<\/p>\n<h3 style=\"text-align: center;\"><span>Referenzprojekte<\/span><\/h3>\n<p style=\"\"><span style=\"\"><span style=\"\"><strong>Nehmen Sie Kontakt mit uns auf!<\/strong><\/span><span style=\"\"><span style=\"\"><strong><\/strong><\/span><\/span><\/span><\/p>\n","protected":false},"excerpt":{"rendered":"<p>Institut f\u00fcr Tanz in Schulen Tanz geh\u00f6rt in die Schule. F\u00fcr mehr Kreativit\u00e4t, Motivation &amp; Bewegungsfreude. Eine Revolution ist im Gange Tanz ist Bewegung, Ausdruck, Sport und Kunst und gleichzeitig noch so viel mehr. Soziale Interaktion, Kommunikation, Motivation, Kreativit\u00e4t und vorallem Lebensfreude &#8211; und genau deshalb geh\u00f6rt Tanz unbedingt in die Schule. Nicht nur am&hellip; <a class=\"more-link\" href=\"https:\/\/institut-tanz-in-schulen.de\/\"><span class=\"screen-reader-text\">Home-INTIS<\/span> weiterlesen<\/a><\/p>\n","protected":false},"author":1,"featured_media":0,"parent":0,"menu_order":0,"comment_status":"closed","ping_status":"closed","template":"","meta":[],"_links":{"self":[{"href":"https:\/\/institut-tanz-in-schulen.de\/index.php?rest_route=\/wp\/v2\/pages\/144"}],"collection":[{"href":"https:\/\/institut-tanz-in-schulen.de\/index.php?rest_route=\/wp\/v2\/pages"}],"about":[{"href":"https:\/\/institut-tanz-in-schulen.de\/index.php?rest_route=\/wp\/v2\/types\/page"}],"author":[{"embeddable":true,"href":"https:\/\/institut-tanz-in-schulen.de\/index.php?rest_route=\/wp\/v2\/users\/1"}],"replies":[{"embeddable":true,"href":"https:\/\/institut-tanz-in-schulen.de\/index.php?rest_route=%2Fwp%2Fv2%2Fcomments&post=144"}],"version-history":[{"count":116,"href":"https:\/\/institut-tanz-in-schulen.de\/index.php?rest_route=\/wp\/v2\/pages\/144\/revisions"}],"predecessor-version":[{"id":281,"href":"https:\/\/institut-tanz-in-schulen.de\/index.php?rest_route=\/wp\/v2\/pages\/144\/revisions\/281"}],"wp:attachment":[{"href":"https:\/\/institut-tanz-in-schulen.de\/index.php?rest_route=%2Fwp%2Fv2%2Fmedia&parent=144"}],"curies":[{"name":"wp","href":"https:\/\/api.w.org\/{rel}","templated":true}]}}